{"id":15,"date":"2022-11-18T02:31:23","date_gmt":"2022-11-18T02:31:23","guid":{"rendered":"https:\/\/clinisul.med.br\/?page_id=15"},"modified":"2026-04-15T21:02:08","modified_gmt":"2026-04-15T21:02:08","slug":"convenios","status":"publish","type":"page","link":"https:\/\/clinisul.med.br\/?page_id=15","title":{"rendered":"Conv\u00eanios"},"content":{"rendered":"\t\t<div data-elementor-type=\"wp-page\" data-elementor-id=\"15\" class=\"elementor elementor-15\">\n\t\t\t\t\t\t<section class=\"elementor-section elementor-top-section elementor-element elementor-element-67b0e534 elementor-section-full_width elementor-section-height-default elementor-section-height-default\" data-id=\"67b0e534\" data-element_type=\"section\">\n\t\t\t\t\t\t<div class=\"elementor-container elementor-column-gap-default\">\n\t\t\t\t\t<div class=\"elementor-column elementor-col-100 elementor-top-column elementor-element elementor-element-3ff23570\" data-id=\"3ff23570\" data-element_type=\"column\">\n\t\t\t<div class=\"elementor-widget-wrap elementor-element-populated\">\n\t\t\t\t\t\t\t<\/div>\n\t\t<\/div>\n\t\t\t\t\t<\/div>\n\t\t<\/section>\n\t\t\t\t<section class=\"elementor-section elementor-top-section elementor-element elementor-element-998047a elementor-section-full_width elementor-section-height-default elementor-section-height-default\" data-id=\"998047a\" data-element_type=\"section\" data-settings=\"{&quot;background_background&quot;:&quot;classic&quot;}\">\n\t\t\t\t\t\t<div class=\"elementor-container elementor-column-gap-default\">\n\t\t\t\t\t<div class=\"elementor-column elementor-col-100 elementor-top-column elementor-element elementor-element-c831abd\" data-id=\"c831abd\" data-element_type=\"column\">\n\t\t\t<div class=\"elementor-widget-wrap elementor-element-populated\">\n\t\t\t\t\t\t<div class=\"elementor-element elementor-element-185bf5e elementor-widget elementor-widget-spacer\" data-id=\"185bf5e\" data-element_type=\"widget\" data-widget_type=\"spacer.default\">\n\t\t\t\t<div class=\"elementor-widget-container\">\n\t\t\t<style>\/*! elementor - v3.21.0 - 26-05-2024 *\/\n.elementor-column .elementor-spacer-inner{height:var(--spacer-size)}.e-con{--container-widget-width:100%}.e-con-inner>.elementor-widget-spacer,.e-con>.elementor-widget-spacer{width:var(--container-widget-width,var(--spacer-size));--align-self:var(--container-widget-align-self,initial);--flex-shrink:0}.e-con-inner>.elementor-widget-spacer>.elementor-widget-container,.e-con>.elementor-widget-spacer>.elementor-widget-container{height:100%;width:100%}.e-con-inner>.elementor-widget-spacer>.elementor-widget-container>.elementor-spacer,.e-con>.elementor-widget-spacer>.elementor-widget-container>.elementor-spacer{height:100%}.e-con-inner>.elementor-widget-spacer>.elementor-widget-container>.elementor-spacer>.elementor-spacer-inner,.e-con>.elementor-widget-spacer>.elementor-widget-container>.elementor-spacer>.elementor-spacer-inner{height:var(--container-widget-height,var(--spacer-size))}.e-con-inner>.elementor-widget-spacer.elementor-widget-empty,.e-con>.elementor-widget-spacer.elementor-widget-empty{position:relative;min-height:22px;min-width:22px}.e-con-inner>.elementor-widget-spacer.elementor-widget-empty .elementor-widget-empty-icon,.e-con>.elementor-widget-spacer.elementor-widget-empty .elementor-widget-empty-icon{position:absolute;top:0;bottom:0;left:0;right:0;margin:auto;padding:0;width:22px;height:22px}<\/style>\t\t<div class=\"elementor-spacer\">\n\t\t\t<div class=\"elementor-spacer-inner\"><\/div>\n\t\t<\/div>\n\t\t\t\t<\/div>\n\t\t\t\t<\/div>\n\t\t\t\t<div class=\"elementor-element elementor-element-3f016c5 elementor-widget elementor-widget-heading\" data-id=\"3f016c5\" data-element_type=\"widget\" data-widget_type=\"heading.default\">\n\t\t\t\t<div class=\"elementor-widget-container\">\n\t\t\t<style>\/*! elementor - v3.21.0 - 26-05-2024 *\/\n.elementor-heading-title{padding:0;margin:0;line-height:1}.elementor-widget-heading .elementor-heading-title[class*=elementor-size-]>a{color:inherit;font-size:inherit;line-height:inherit}.elementor-widget-heading .elementor-heading-title.elementor-size-small{font-size:15px}.elementor-widget-heading .elementor-heading-title.elementor-size-medium{font-size:19px}.elementor-widget-heading .elementor-heading-title.elementor-size-large{font-size:29px}.elementor-widget-heading .elementor-heading-title.elementor-size-xl{font-size:39px}.elementor-widget-heading .elementor-heading-title.elementor-size-xxl{font-size:59px}<\/style><h2 class=\"elementor-heading-title elementor-size-medium\">Consulte o seu plano, tamb\u00e9m realizamos consultas particulares. <br>Entre em contato para mais informa\u00e7\u00f5es.<\/h2>\t\t<\/div>\n\t\t\t\t<\/div>\n\t\t\t\t<div class=\"elementor-element elementor-element-be05b7c elementor-widget elementor-widget-spacer\" data-id=\"be05b7c\" data-element_type=\"widget\" data-widget_type=\"spacer.default\">\n\t\t\t\t<div class=\"elementor-widget-container\">\n\t\t\t\t\t<div class=\"elementor-spacer\">\n\t\t\t<div class=\"elementor-spacer-inner\"><\/div>\n\t\t<\/div>\n\t\t\t\t<\/div>\n\t\t\t\t<\/div>\n\t\t\t\t\t<\/div>\n\t\t<\/div>\n\t\t\t\t\t<\/div>\n\t\t<\/section>\n\t\t\t\t<section class=\"elementor-section elementor-top-section elementor-element elementor-element-01dd739 elementor-section-boxed elementor-section-height-default elementor-section-height-default\" data-id=\"01dd739\" data-element_type=\"section\">\n\t\t\t\t\t\t<div class=\"elementor-container elementor-column-gap-default\">\n\t\t\t\t\t<div class=\"elementor-column elementor-col-100 elementor-top-column elementor-element elementor-element-2ae73eb\" data-id=\"2ae73eb\" data-element_type=\"column\">\n\t\t\t<div class=\"elementor-widget-wrap elementor-element-populated\">\n\t\t\t\t\t\t<div class=\"elementor-element elementor-element-1afcd26 elementor-widget elementor-widget-spacer\" data-id=\"1afcd26\" data-element_type=\"widget\" data-widget_type=\"spacer.default\">\n\t\t\t\t<div class=\"elementor-widget-container\">\n\t\t\t\t\t<div class=\"elementor-spacer\">\n\t\t\t<div class=\"elementor-spacer-inner\"><\/div>\n\t\t<\/div>\n\t\t\t\t<\/div>\n\t\t\t\t<\/div>\n\t\t\t\t<div class=\"elementor-element elementor-element-f64519b gallery-spacing-custom elementor-widget elementor-widget-image-gallery\" data-id=\"f64519b\" data-element_type=\"widget\" data-widget_type=\"image-gallery.default\">\n\t\t\t\t<div class=\"elementor-widget-container\">\n\t\t\t<style>\/*! elementor - v3.21.0 - 26-05-2024 *\/\n.elementor-image-gallery .gallery-item{display:inline-block;text-align:center;vertical-align:top;width:100%;max-width:100%;margin:0 auto}.elementor-image-gallery .gallery-item img{margin:0 auto}.elementor-image-gallery .gallery-item .gallery-caption{margin:0}.elementor-image-gallery figure img{display:block}.elementor-image-gallery figure figcaption{width:100%}.gallery-spacing-custom .elementor-image-gallery .gallery-icon{padding:0}@media (min-width:768px){.elementor-image-gallery .gallery-columns-2 .gallery-item{max-width:50%}.elementor-image-gallery .gallery-columns-3 .gallery-item{max-width:33.33%}.elementor-image-gallery .gallery-columns-4 .gallery-item{max-width:25%}.elementor-image-gallery .gallery-columns-5 .gallery-item{max-width:20%}.elementor-image-gallery .gallery-columns-6 .gallery-item{max-width:16.666%}.elementor-image-gallery .gallery-columns-7 .gallery-item{max-width:14.28%}.elementor-image-gallery .gallery-columns-8 .gallery-item{max-width:12.5%}.elementor-image-gallery .gallery-columns-9 .gallery-item{max-width:11.11%}.elementor-image-gallery .gallery-columns-10 .gallery-item{max-width:10%}}@media (min-width:480px) and (max-width:767px){.elementor-image-gallery .gallery.gallery-columns-2 .gallery-item,.elementor-image-gallery .gallery.gallery-columns-3 .gallery-item,.elementor-image-gallery .gallery.gallery-columns-4 .gallery-item,.elementor-image-gallery .gallery.gallery-columns-5 .gallery-item,.elementor-image-gallery .gallery.gallery-columns-6 .gallery-item,.elementor-image-gallery .gallery.gallery-columns-7 .gallery-item,.elementor-image-gallery .gallery.gallery-columns-8 .gallery-item,.elementor-image-gallery .gallery.gallery-columns-9 .gallery-item,.elementor-image-gallery .gallery.gallery-columns-10 .gallery-item{max-width:50%}}@media (max-width:479px){.elementor-image-gallery .gallery.gallery-columns-2 .gallery-item,.elementor-image-gallery .gallery.gallery-columns-3 .gallery-item,.elementor-image-gallery .gallery.gallery-columns-4 .gallery-item,.elementor-image-gallery .gallery.gallery-columns-5 .gallery-item,.elementor-image-gallery .gallery.gallery-columns-6 .gallery-item,.elementor-image-gallery .gallery.gallery-columns-7 .gallery-item,.elementor-image-gallery .gallery.gallery-columns-8 .gallery-item,.elementor-image-gallery .gallery.gallery-columns-9 .gallery-item,.elementor-image-gallery .gallery.gallery-columns-10 .gallery-item{max-width:100%}}<\/style>\t\t<div class=\"elementor-image-gallery\">\n\t\t\t<div id='gallery-1' class='gallery galleryid-15 gallery-columns-5 gallery-size-medium'><figure class='gallery-item'>\n\t\t\t<div class='gallery-icon landscape'>\n\t\t\t\t<img width=\"300\" height=\"150\" src=\"https:\/\/clinisul.med.br\/wp-content\/uploads\/2022\/11\/allianz-300x150.jpg\" class=\"attachment-medium size-medium\" alt=\"\" decoding=\"async\" aria-describedby=\"gallery-1-143\" srcset=\"https:\/\/clinisul.med.br\/wp-content\/uploads\/2022\/11\/allianz-300x150.jpg 300w, https:\/\/clinisul.med.br\/wp-content\/uploads\/2022\/11\/allianz-1024x512.jpg 1024w, https:\/\/clinisul.med.br\/wp-content\/uploads\/2022\/11\/allianz-768x384.jpg 768w, https:\/\/clinisul.med.br\/wp-content\/uploads\/2022\/11\/allianz.jpg 1280w\" sizes=\"(max-width: 300px) 100vw, 300px\" \/>\n\t\t\t<\/div>\n\t\t\t\t<figcaption class='wp-caption-text gallery-caption' id='gallery-1-143'>\n\t\t\t\tAllianz Sa\u00fade\n\t\t\t\t<\/figcaption><\/figure><figure class='gallery-item'>\n\t\t\t<div class='gallery-icon landscape'>\n\t\t\t\t<img fetchpriority=\"high\" width=\"300\" height=\"174\" src=\"https:\/\/clinisul.med.br\/wp-content\/uploads\/2022\/11\/amil-300x174.png\" class=\"attachment-medium size-medium\" alt=\"\" decoding=\"async\" aria-describedby=\"gallery-1-144\" srcset=\"https:\/\/clinisul.med.br\/wp-content\/uploads\/2022\/11\/amil-300x174.png 300w, https:\/\/clinisul.med.br\/wp-content\/uploads\/2022\/11\/amil.png 334w\" sizes=\"(max-width: 300px) 100vw, 300px\" \/>\n\t\t\t<\/div>\n\t\t\t\t<figcaption class='wp-caption-text gallery-caption' id='gallery-1-144'>\n\t\t\t\tAmil\n\t\t\t\t<\/figcaption><\/figure><figure class='gallery-item'>\n\t\t\t<div class='gallery-icon landscape'>\n\t\t\t\t<img width=\"300\" height=\"107\" src=\"https:\/\/clinisul.med.br\/wp-content\/uploads\/2022\/11\/bluemed-300x107.png\" class=\"attachment-medium size-medium\" alt=\"\" decoding=\"async\" aria-describedby=\"gallery-1-145\" srcset=\"https:\/\/clinisul.med.br\/wp-content\/uploads\/2022\/11\/bluemed-300x107.png 300w, https:\/\/clinisul.med.br\/wp-content\/uploads\/2022\/11\/bluemed-1024x365.png 1024w, https:\/\/clinisul.med.br\/wp-content\/uploads\/2022\/11\/bluemed-768x274.png 768w, https:\/\/clinisul.med.br\/wp-content\/uploads\/2022\/11\/bluemed-1536x548.png 1536w, https:\/\/clinisul.med.br\/wp-content\/uploads\/2022\/11\/bluemed-2048x730.png 2048w\" sizes=\"(max-width: 300px) 100vw, 300px\" \/>\n\t\t\t<\/div>\n\t\t\t\t<figcaption class='wp-caption-text gallery-caption' id='gallery-1-145'>\n\t\t\t\tBLue Med Sa\u00fade\n\t\t\t\t<\/figcaption><\/figure><figure class='gallery-item'>\n\t\t\t<div class='gallery-icon landscape'>\n\t\t\t\t<img loading=\"lazy\" width=\"300\" height=\"133\" src=\"https:\/\/clinisul.med.br\/wp-content\/uploads\/2022\/11\/bradescosaude-300x133.jpg\" class=\"attachment-medium size-medium\" alt=\"\" decoding=\"async\" aria-describedby=\"gallery-1-146\" srcset=\"https:\/\/clinisul.med.br\/wp-content\/uploads\/2022\/11\/bradescosaude-300x133.jpg 300w, https:\/\/clinisul.med.br\/wp-content\/uploads\/2022\/11\/bradescosaude-768x340.jpg 768w, https:\/\/clinisul.med.br\/wp-content\/uploads\/2022\/11\/bradescosaude.jpg 900w\" sizes=\"(max-width: 300px) 100vw, 300px\" \/>\n\t\t\t<\/div>\n\t\t\t\t<figcaption class='wp-caption-text gallery-caption' id='gallery-1-146'>\n\t\t\t\tBradesco Sa\u00fade\n\t\t\t\t<\/figcaption><\/figure><figure class='gallery-item'>\n\t\t\t<div class='gallery-icon landscape'>\n\t\t\t\t<img loading=\"lazy\" width=\"300\" height=\"138\" src=\"https:\/\/clinisul.med.br\/wp-content\/uploads\/2022\/11\/celtral-nacional-unimed-300x138.png\" class=\"attachment-medium size-medium\" alt=\"\" decoding=\"async\" aria-describedby=\"gallery-1-147\" srcset=\"https:\/\/clinisul.med.br\/wp-content\/uploads\/2022\/11\/celtral-nacional-unimed-300x138.png 300w, https:\/\/clinisul.med.br\/wp-content\/uploads\/2022\/11\/celtral-nacional-unimed.png 760w\" sizes=\"(max-width: 300px) 100vw, 300px\" \/>\n\t\t\t<\/div>\n\t\t\t\t<figcaption class='wp-caption-text gallery-caption' id='gallery-1-147'>\n\t\t\t\tCentral Nacional Unimed\n\t\t\t\t<\/figcaption><\/figure><figure class='gallery-item'>\n\t\t\t<div class='gallery-icon landscape'>\n\t\t\t\t<img loading=\"lazy\" width=\"300\" height=\"150\" src=\"https:\/\/clinisul.med.br\/wp-content\/uploads\/2022\/11\/fundacao-cesp-300x150.png\" class=\"attachment-medium size-medium\" alt=\"\" decoding=\"async\" aria-describedby=\"gallery-1-148\" srcset=\"https:\/\/clinisul.med.br\/wp-content\/uploads\/2022\/11\/fundacao-cesp-300x150.png 300w, https:\/\/clinisul.med.br\/wp-content\/uploads\/2022\/11\/fundacao-cesp-768x384.png 768w, https:\/\/clinisul.med.br\/wp-content\/uploads\/2022\/11\/fundacao-cesp.png 800w\" sizes=\"(max-width: 300px) 100vw, 300px\" \/>\n\t\t\t<\/div>\n\t\t\t\t<figcaption class='wp-caption-text gallery-caption' id='gallery-1-148'>\n\t\t\t\tFunda\u00e7\u00e3o Cesp (Enel e Sabesp)\n\t\t\t\t<\/figcaption><\/figure><figure class='gallery-item'>\n\t\t\t<div class='gallery-icon landscape'>\n\t\t\t\t<img loading=\"lazy\" width=\"300\" height=\"129\" src=\"https:\/\/clinisul.med.br\/wp-content\/uploads\/2022\/11\/fundacao-itau-300x129.jpg\" class=\"attachment-medium size-medium\" alt=\"\" decoding=\"async\" aria-describedby=\"gallery-1-149\" srcset=\"https:\/\/clinisul.med.br\/wp-content\/uploads\/2022\/11\/fundacao-itau-300x129.jpg 300w, https:\/\/clinisul.med.br\/wp-content\/uploads\/2022\/11\/fundacao-itau.jpg 480w\" sizes=\"(max-width: 300px) 100vw, 300px\" \/>\n\t\t\t<\/div>\n\t\t\t\t<figcaption class='wp-caption-text gallery-caption' id='gallery-1-149'>\n\t\t\t\tFunda\u00e7\u00e3o Sa\u00fade Ita\u00fa\n\t\t\t\t<\/figcaption><\/figure><figure class='gallery-item'>\n\t\t\t<div class='gallery-icon landscape'>\n\t\t\t\t<img loading=\"lazy\" width=\"300\" height=\"179\" src=\"https:\/\/clinisul.med.br\/wp-content\/uploads\/2022\/11\/mediservice-300x179.jpg\" class=\"attachment-medium size-medium\" alt=\"\" decoding=\"async\" aria-describedby=\"gallery-1-150\" srcset=\"https:\/\/clinisul.med.br\/wp-content\/uploads\/2022\/11\/mediservice-300x179.jpg 300w, https:\/\/clinisul.med.br\/wp-content\/uploads\/2022\/11\/mediservice.jpg 370w\" sizes=\"(max-width: 300px) 100vw, 300px\" \/>\n\t\t\t<\/div>\n\t\t\t\t<figcaption class='wp-caption-text gallery-caption' id='gallery-1-150'>\n\t\t\t\tMediservice\n\t\t\t\t<\/figcaption><\/figure><figure class='gallery-item'>\n\t\t\t<div class='gallery-icon landscape'>\n\t\t\t\t<img loading=\"lazy\" width=\"300\" height=\"90\" src=\"https:\/\/clinisul.med.br\/wp-content\/uploads\/2022\/11\/metrus-300x90.jpg\" class=\"attachment-medium size-medium\" alt=\"\" decoding=\"async\" aria-describedby=\"gallery-1-151\" srcset=\"https:\/\/clinisul.med.br\/wp-content\/uploads\/2022\/11\/metrus-300x90.jpg 300w, https:\/\/clinisul.med.br\/wp-content\/uploads\/2022\/11\/metrus.jpg 740w\" sizes=\"(max-width: 300px) 100vw, 300px\" \/>\n\t\t\t<\/div>\n\t\t\t\t<figcaption class='wp-caption-text gallery-caption' id='gallery-1-151'>\n\t\t\t\tMetrus\n\t\t\t\t<\/figcaption><\/figure><figure class='gallery-item'>\n\t\t\t<div class='gallery-icon landscape'>\n\t\t\t\t<img loading=\"lazy\" width=\"300\" height=\"124\" src=\"https:\/\/clinisul.med.br\/wp-content\/uploads\/2022\/11\/New-Saude-Leader.jpg\" class=\"attachment-medium size-medium\" alt=\"\" decoding=\"async\" aria-describedby=\"gallery-1-152\" \/>\n\t\t\t<\/div>\n\t\t\t\t<figcaption class='wp-caption-text gallery-caption' id='gallery-1-152'>\n\t\t\t\tNew Sa\u00fade Leader\n\t\t\t\t<\/figcaption><\/figure><figure class='gallery-item'>\n\t\t\t<div class='gallery-icon landscape'>\n\t\t\t\t<img loading=\"lazy\" width=\"300\" height=\"103\" src=\"https:\/\/clinisul.med.br\/wp-content\/uploads\/2022\/11\/Notredame-Intermedica-300x103.png\" class=\"attachment-medium size-medium\" alt=\"\" decoding=\"async\" aria-describedby=\"gallery-1-153\" srcset=\"https:\/\/clinisul.med.br\/wp-content\/uploads\/2022\/11\/Notredame-Intermedica-300x103.png 300w, https:\/\/clinisul.med.br\/wp-content\/uploads\/2022\/11\/Notredame-Intermedica-768x264.png 768w, https:\/\/clinisul.med.br\/wp-content\/uploads\/2022\/11\/Notredame-Intermedica.png 816w\" sizes=\"(max-width: 300px) 100vw, 300px\" \/>\n\t\t\t<\/div>\n\t\t\t\t<figcaption class='wp-caption-text gallery-caption' id='gallery-1-153'>\n\t\t\t\tNotreDame Interm\u00e9dica\n\t\t\t\t<\/figcaption><\/figure><figure class='gallery-item'>\n\t\t\t<div class='gallery-icon landscape'>\n\t\t\t\t<img loading=\"lazy\" width=\"300\" height=\"191\" src=\"https:\/\/clinisul.med.br\/wp-content\/uploads\/2022\/11\/plena-saude-300x191.png\" class=\"attachment-medium size-medium\" alt=\"\" decoding=\"async\" aria-describedby=\"gallery-1-154\" srcset=\"https:\/\/clinisul.med.br\/wp-content\/uploads\/2022\/11\/plena-saude-300x191.png 300w, https:\/\/clinisul.med.br\/wp-content\/uploads\/2022\/11\/plena-saude.png 501w\" sizes=\"(max-width: 300px) 100vw, 300px\" \/>\n\t\t\t<\/div>\n\t\t\t\t<figcaption class='wp-caption-text gallery-caption' id='gallery-1-154'>\n\t\t\t\tPlena Sa\u00fade\n\t\t\t\t<\/figcaption><\/figure><figure class='gallery-item'>\n\t\t\t<div class='gallery-icon landscape'>\n\t\t\t\t<img loading=\"lazy\" width=\"300\" height=\"82\" src=\"https:\/\/clinisul.med.br\/wp-content\/uploads\/2022\/11\/postal-saude-300x82.jpg\" class=\"attachment-medium size-medium\" alt=\"\" decoding=\"async\" aria-describedby=\"gallery-1-155\" srcset=\"https:\/\/clinisul.med.br\/wp-content\/uploads\/2022\/11\/postal-saude-300x82.jpg 300w, https:\/\/clinisul.med.br\/wp-content\/uploads\/2022\/11\/postal-saude.jpg 430w\" sizes=\"(max-width: 300px) 100vw, 300px\" \/>\n\t\t\t<\/div>\n\t\t\t\t<figcaption class='wp-caption-text gallery-caption' id='gallery-1-155'>\n\t\t\t\tPostal Sa\u00fade\n\t\t\t\t<\/figcaption><\/figure><figure class='gallery-item'>\n\t\t\t<div class='gallery-icon landscape'>\n\t\t\t\t<img loading=\"lazy\" width=\"300\" height=\"148\" src=\"https:\/\/clinisul.med.br\/wp-content\/uploads\/2022\/11\/sulamerica-300x148.png\" class=\"attachment-medium size-medium\" alt=\"\" decoding=\"async\" aria-describedby=\"gallery-1-156\" srcset=\"https:\/\/clinisul.med.br\/wp-content\/uploads\/2022\/11\/sulamerica-300x148.png 300w, https:\/\/clinisul.med.br\/wp-content\/uploads\/2022\/11\/sulamerica.png 628w\" sizes=\"(max-width: 300px) 100vw, 300px\" \/>\n\t\t\t<\/div>\n\t\t\t\t<figcaption class='wp-caption-text gallery-caption' id='gallery-1-156'>\n\t\t\t\tSul Am\u00e9rica\n\t\t\t\t<\/figcaption><\/figure><figure class='gallery-item'>\n\t\t\t<div class='gallery-icon landscape'>\n\t\t\t\t<img loading=\"lazy\" width=\"300\" height=\"79\" src=\"https:\/\/clinisul.med.br\/wp-content\/uploads\/2022\/11\/trasmontano-300x79.png\" class=\"attachment-medium size-medium\" alt=\"\" decoding=\"async\" aria-describedby=\"gallery-1-157\" srcset=\"https:\/\/clinisul.med.br\/wp-content\/uploads\/2022\/11\/trasmontano-300x79.png 300w, https:\/\/clinisul.med.br\/wp-content\/uploads\/2022\/11\/trasmontano.png 400w\" sizes=\"(max-width: 300px) 100vw, 300px\" \/>\n\t\t\t<\/div>\n\t\t\t\t<figcaption class='wp-caption-text gallery-caption' id='gallery-1-157'>\n\t\t\t\tTrasmontano\n\t\t\t\t<\/figcaption><\/figure><figure class='gallery-item'>\n\t\t\t<div class='gallery-icon landscape'>\n\t\t\t\t<img loading=\"lazy\" width=\"300\" height=\"150\" src=\"https:\/\/clinisul.med.br\/wp-content\/uploads\/2022\/11\/unimedseguros.jpg\" class=\"attachment-medium size-medium\" alt=\"\" decoding=\"async\" aria-describedby=\"gallery-1-158\" \/>\n\t\t\t<\/div>\n\t\t\t\t<figcaption class='wp-caption-text gallery-caption' id='gallery-1-158'>\n\t\t\t\tSeguros Unimed\n\t\t\t\t<\/figcaption><\/figure><figure class='gallery-item'>\n\t\t\t<div class='gallery-icon landscape'>\n\t\t\t\t<img loading=\"lazy\" width=\"300\" height=\"100\" src=\"https:\/\/clinisul.med.br\/wp-content\/uploads\/2025\/04\/sagrada-familia-saude-300x100.png\" class=\"attachment-medium size-medium\" alt=\"Sagrada Fam\u00edlia Saude\" decoding=\"async\" aria-describedby=\"gallery-1-277\" srcset=\"https:\/\/clinisul.med.br\/wp-content\/uploads\/2025\/04\/sagrada-familia-saude-300x100.png 300w, https:\/\/clinisul.med.br\/wp-content\/uploads\/2025\/04\/sagrada-familia-saude-768x256.png 768w, https:\/\/clinisul.med.br\/wp-content\/uploads\/2025\/04\/sagrada-familia-saude.png 800w\" sizes=\"(max-width: 300px) 100vw, 300px\" \/>\n\t\t\t<\/div>\n\t\t\t\t<figcaption class='wp-caption-text gallery-caption' id='gallery-1-277'>\n\t\t\t\tSagrada Fam\u00edlia Saude\n\t\t\t\t<\/figcaption><\/figure><figure class='gallery-item'>\n\t\t\t<div class='gallery-icon landscape'>\n\t\t\t\t<img loading=\"lazy\" width=\"248\" height=\"86\" src=\"https:\/\/clinisul.med.br\/wp-content\/uploads\/2026\/04\/ampla-saude.png\" class=\"attachment-medium size-medium\" alt=\"\" decoding=\"async\" aria-describedby=\"gallery-1-329\" \/>\n\t\t\t<\/div>\n\t\t\t\t<figcaption class='wp-caption-text gallery-caption' id='gallery-1-329'>\n\t\t\t\tAmpla Sa\u00fade\n\t\t\t\t<\/figcaption><\/figure>\n\t\t<\/div>\n\t\t<\/div>\n\t\t\t\t<\/div>\n\t\t\t\t<\/div>\n\t\t\t\t<div class=\"elementor-element elementor-element-33490c0 elementor-widget elementor-widget-spacer\" data-id=\"33490c0\" data-element_type=\"widget\" data-widget_type=\"spacer.default\">\n\t\t\t\t<div class=\"elementor-widget-container\">\n\t\t\t\t\t<div class=\"elementor-spacer\">\n\t\t\t<div class=\"elementor-spacer-inner\"><\/div>\n\t\t<\/div>\n\t\t\t\t<\/div>\n\t\t\t\t<\/div>\n\t\t\t\t\t<\/div>\n\t\t<\/div>\n\t\t\t\t\t<\/div>\n\t\t<\/section>\n\t\t\t\t<section class=\"elementor-section elementor-top-section elementor-element elementor-element-c4414fa elementor-section-full_width elementor-section-height-default elementor-section-height-default\" data-id=\"c4414fa\" data-element_type=\"section\" data-settings=\"{&quot;background_background&quot;:&quot;classic&quot;}\">\n\t\t\t\t\t\t<div class=\"elementor-container elementor-column-gap-default\">\n\t\t\t\t\t<div class=\"elementor-column elementor-col-100 elementor-top-column elementor-element elementor-element-eadbc8c\" data-id=\"eadbc8c\" data-element_type=\"column\">\n\t\t\t<div class=\"elementor-widget-wrap elementor-element-populated\">\n\t\t\t\t\t\t<div class=\"elementor-element elementor-element-e6d3159 elementor-widget elementor-widget-spacer\" data-id=\"e6d3159\" data-element_type=\"widget\" data-widget_type=\"spacer.default\">\n\t\t\t\t<div class=\"elementor-widget-container\">\n\t\t\t\t\t<div class=\"elementor-spacer\">\n\t\t\t<div class=\"elementor-spacer-inner\"><\/div>\n\t\t<\/div>\n\t\t\t\t<\/div>\n\t\t\t\t<\/div>\n\t\t\t\t<div class=\"elementor-element elementor-element-8d1f930 elementor-widget elementor-widget-heading\" data-id=\"8d1f930\" data-element_type=\"widget\" data-widget_type=\"heading.default\">\n\t\t\t\t<div class=\"elementor-widget-container\">\n\t\t\t<h2 class=\"elementor-heading-title elementor-size-medium\">Em caso de duvidas, entre em contato conosco para confirmar a cobertura do seu plano.<\/h2>\t\t<\/div>\n\t\t\t\t<\/div>\n\t\t\t\t<div class=\"elementor-element elementor-element-f039993 elementor-widget elementor-widget-spacer\" data-id=\"f039993\" data-element_type=\"widget\" data-widget_type=\"spacer.default\">\n\t\t\t\t<div class=\"elementor-widget-container\">\n\t\t\t\t\t<div class=\"elementor-spacer\">\n\t\t\t<div class=\"elementor-spacer-inner\"><\/div>\n\t\t<\/div>\n\t\t\t\t<\/div>\n\t\t\t\t<\/div>\n\t\t\t\t\t<\/div>\n\t\t<\/div>\n\t\t\t\t\t<\/div>\n\t\t<\/section>\n\t\t\t\t<\/div>\n\t\t","protected":false},"excerpt":{"rendered":"<p>Consulte o seu plano, tamb\u00e9m realizamos consultas particulares. Entre em contato para mais informa\u00e7\u00f5es. Allianz Sa\u00fade Amil BLue Med Sa\u00fade Bradesco Sa\u00fade Central Nacional Unimed Funda\u00e7\u00e3o Cesp (Enel e Sabesp) Funda\u00e7\u00e3o Sa\u00fade Ita\u00fa Mediservice Metrus New Sa\u00fade Leader NotreDame Interm\u00e9dica Plena Sa\u00fade Postal Sa\u00fade Sul Am\u00e9rica Trasmontano Seguros Unimed Sagrada Fam\u00edlia Saude Ampla Sa\u00fade Em [&hellip;]<\/p>\n","protected":false},"author":1,"featured_media":0,"parent":0,"menu_order":0,"comment_status":"closed","ping_status":"closed","template":"","meta":{"_monsterinsights_skip_tracking":false,"_monsterinsights_sitenote_active":false,"_monsterinsights_sitenote_note":"","_monsterinsights_sitenote_category":0},"aioseo_notices":[],"_links":{"self":[{"href":"https:\/\/clinisul.med.br\/index.php?rest_route=\/wp\/v2\/pages\/15"}],"collection":[{"href":"https:\/\/clinisul.med.br\/index.php?rest_route=\/wp\/v2\/pages"}],"about":[{"href":"https:\/\/clinisul.med.br\/index.php?rest_route=\/wp\/v2\/types\/page"}],"author":[{"embeddable":true,"href":"https:\/\/clinisul.med.br\/index.php?rest_route=\/wp\/v2\/users\/1"}],"replies":[{"embeddable":true,"href":"https:\/\/clinisul.med.br\/index.php?rest_route=%2Fwp%2Fv2%2Fcomments&post=15"}],"version-history":[{"count":22,"href":"https:\/\/clinisul.med.br\/index.php?rest_route=\/wp\/v2\/pages\/15\/revisions"}],"predecessor-version":[{"id":333,"href":"https:\/\/clinisul.med.br\/index.php?rest_route=\/wp\/v2\/pages\/15\/revisions\/333"}],"wp:attachment":[{"href":"https:\/\/clinisul.med.br\/index.php?rest_route=%2Fwp%2Fv2%2Fmedia&parent=15"}],"curies":[{"name":"wp","href":"https:\/\/api.w.org\/{rel}","templated":true}]}}