{"id":16,"date":"2022-11-18T02:31:23","date_gmt":"2022-11-18T02:31:23","guid":{"rendered":"https:\/\/clinisul.med.br\/?page_id=16"},"modified":"2023-05-18T17:27:01","modified_gmt":"2023-05-18T17:27:01","slug":"exames","status":"publish","type":"page","link":"https:\/\/clinisul.med.br\/?page_id=16","title":{"rendered":"Exames"},"content":{"rendered":"\t\t<div data-elementor-type=\"wp-page\" data-elementor-id=\"16\" class=\"elementor elementor-16\">\n\t\t\t\t\t\t<section class=\"elementor-section elementor-top-section elementor-element elementor-element-1b744dd8 elementor-section-full_width elementor-section-height-default elementor-section-height-default\" data-id=\"1b744dd8\" data-element_type=\"section\">\n\t\t\t\t\t\t<div class=\"elementor-container elementor-column-gap-default\">\n\t\t\t\t\t<div class=\"elementor-column elementor-col-100 elementor-top-column elementor-element elementor-element-1d95b387\" data-id=\"1d95b387\" data-element_type=\"column\">\n\t\t\t<div class=\"elementor-widget-wrap elementor-element-populated\">\n\t\t\t\t\t\t\t<\/div>\n\t\t<\/div>\n\t\t\t\t\t<\/div>\n\t\t<\/section>\n\t\t\t\t<section class=\"elementor-section elementor-top-section elementor-element elementor-element-e41a99f elementor-section-boxed elementor-section-height-default elementor-section-height-default\" data-id=\"e41a99f\" data-element_type=\"section\">\n\t\t\t\t\t\t<div class=\"elementor-container elementor-column-gap-default\">\n\t\t\t\t\t<div class=\"elementor-column elementor-col-100 elementor-top-column elementor-element elementor-element-b8627c7\" data-id=\"b8627c7\" data-element_type=\"column\">\n\t\t\t<div class=\"elementor-widget-wrap elementor-element-populated\">\n\t\t\t\t\t\t<div class=\"elementor-element elementor-element-d4fc46a elementor-widget elementor-widget-spacer\" data-id=\"d4fc46a\" data-element_type=\"widget\" data-widget_type=\"spacer.default\">\n\t\t\t\t<div class=\"elementor-widget-container\">\n\t\t\t<style>\/*! elementor - v3.21.0 - 26-05-2024 *\/\n.elementor-column .elementor-spacer-inner{height:var(--spacer-size)}.e-con{--container-widget-width:100%}.e-con-inner>.elementor-widget-spacer,.e-con>.elementor-widget-spacer{width:var(--container-widget-width,var(--spacer-size));--align-self:var(--container-widget-align-self,initial);--flex-shrink:0}.e-con-inner>.elementor-widget-spacer>.elementor-widget-container,.e-con>.elementor-widget-spacer>.elementor-widget-container{height:100%;width:100%}.e-con-inner>.elementor-widget-spacer>.elementor-widget-container>.elementor-spacer,.e-con>.elementor-widget-spacer>.elementor-widget-container>.elementor-spacer{height:100%}.e-con-inner>.elementor-widget-spacer>.elementor-widget-container>.elementor-spacer>.elementor-spacer-inner,.e-con>.elementor-widget-spacer>.elementor-widget-container>.elementor-spacer>.elementor-spacer-inner{height:var(--container-widget-height,var(--spacer-size))}.e-con-inner>.elementor-widget-spacer.elementor-widget-empty,.e-con>.elementor-widget-spacer.elementor-widget-empty{position:relative;min-height:22px;min-width:22px}.e-con-inner>.elementor-widget-spacer.elementor-widget-empty .elementor-widget-empty-icon,.e-con>.elementor-widget-spacer.elementor-widget-empty .elementor-widget-empty-icon{position:absolute;top:0;bottom:0;left:0;right:0;margin:auto;padding:0;width:22px;height:22px}<\/style>\t\t<div class=\"elementor-spacer\">\n\t\t\t<div class=\"elementor-spacer-inner\"><\/div>\n\t\t<\/div>\n\t\t\t\t<\/div>\n\t\t\t\t<\/div>\n\t\t\t\t<div class=\"elementor-element elementor-element-0f5e7f8 elementor-widget elementor-widget-accordion\" data-id=\"0f5e7f8\" data-element_type=\"widget\" data-widget_type=\"accordion.default\">\n\t\t\t\t<div class=\"elementor-widget-container\">\n\t\t\t<style>\/*! elementor - v3.21.0 - 26-05-2024 *\/\n.elementor-accordion{text-align:start}.elementor-accordion .elementor-accordion-item{border:1px solid #d5d8dc}.elementor-accordion .elementor-accordion-item+.elementor-accordion-item{border-top:none}.elementor-accordion .elementor-tab-title{margin:0;padding:15px 20px;font-weight:700;line-height:1;cursor:pointer;outline:none}.elementor-accordion .elementor-tab-title .elementor-accordion-icon{display:inline-block;width:1.5em}.elementor-accordion .elementor-tab-title .elementor-accordion-icon svg{width:1em;height:1em}.elementor-accordion .elementor-tab-title .elementor-accordion-icon.elementor-accordion-icon-right{float:right;text-align:right}.elementor-accordion .elementor-tab-title .elementor-accordion-icon.elementor-accordion-icon-left{float:left;text-align:left}.elementor-accordion .elementor-tab-title .elementor-accordion-icon .elementor-accordion-icon-closed{display:block}.elementor-accordion .elementor-tab-title .elementor-accordion-icon .elementor-accordion-icon-opened,.elementor-accordion .elementor-tab-title.elementor-active .elementor-accordion-icon-closed{display:none}.elementor-accordion .elementor-tab-title.elementor-active .elementor-accordion-icon-opened{display:block}.elementor-accordion .elementor-tab-content{display:none;padding:15px 20px;border-top:1px solid #d5d8dc}@media (max-width:767px){.elementor-accordion .elementor-tab-title{padding:12px 15px}.elementor-accordion .elementor-tab-title .elementor-accordion-icon{width:1.2em}.elementor-accordion .elementor-tab-content{padding:7px 15px}}.e-con-inner>.elementor-widget-accordion,.e-con>.elementor-widget-accordion{width:var(--container-widget-width);--flex-grow:var(--container-widget-flex-grow)}<\/style>\t\t<div class=\"elementor-accordion\">\n\t\t\t\t\t\t\t<div class=\"elementor-accordion-item\">\n\t\t\t\t\t<div id=\"elementor-tab-title-1611\" class=\"elementor-tab-title\" data-tab=\"1\" role=\"button\" aria-controls=\"elementor-tab-content-1611\" aria-expanded=\"false\">\n\t\t\t\t\t\t\t\t\t\t\t\t\t<span class=\"elementor-accordion-icon elementor-accordion-icon-left\" aria-hidden=\"true\">\n\t\t\t\t\t\t\t\t\t\t\t\t\t\t\t<span class=\"elementor-accordion-icon-closed\"><i class=\"fas fa-plus\"><\/i><\/span>\n\t\t\t\t\t\t\t\t<span class=\"elementor-accordion-icon-opened\"><i class=\"fas fa-minus\"><\/i><\/span>\n\t\t\t\t\t\t\t\t\t\t\t\t\t\t<\/span>\n\t\t\t\t\t\t\t\t\t\t\t\t<a class=\"elementor-accordion-title\" tabindex=\"0\">Exames de Imagem<\/a>\n\t\t\t\t\t<\/div>\n\t\t\t\t\t<div id=\"elementor-tab-content-1611\" class=\"elementor-tab-content elementor-clearfix\" data-tab=\"1\" role=\"region\" aria-labelledby=\"elementor-tab-title-1611\"><ul><li>RAIOS-X ABDOMEN DE P\u00c9 \/ DEITADO<\/li><li>RAIOS-X ABDOMEN SIMPLES<\/li><li>RAIOS-X ANTEBRA\u00c7O<\/li><li>RAIOS-X BACIA<\/li><li>RAIOS-X BRA\u00c7O<\/li><li>RAIOS-X CALCANEO<\/li><li>RAIOS-X CAVUM<\/li><li>RAIOS-X CERVICAL OBL\u00cdQUA<\/li><li>RAIOS-X CLAV\u00cdCULA<\/li><li>RAIOS-X COLUNA CERVICAL AP+P<\/li><li>RAIOS-X COLUNA DORSAL AP+LA<\/li><li>RAIOS-X COLUNA DORSO LOMBAR<\/li><li>RAIOS-X COLUNA LOMBAR<\/li><li>RAIOS-X COLUNA LOMBO SACRA<\/li><li>RAIOS-X COSTELAS<\/li><li>RAIOS-X COTOVELO<\/li><li>RAIOS-X COXA<\/li><li>RAIOS-X COXO FEMURAL<\/li><li>RAIOS-X CR\u00c2NIO PA+LAT<\/li><li>RAIOS-X DEDOS DA M\u00c3O OU M\u00c3O<\/li><li>RAIOS-X DEDOS DO P\u00c9 OU P\u00c9<\/li><li>RAIOS-X FACE<\/li><li>RAIOS-X JOELHO<\/li><li>RAIOS-X MAXILAR INFERIOR<\/li><li>RAIOS-X NARIZ<\/li><li>RAIOS-X OMBRO<\/li><li>RAIOS-X ORBITAS<\/li><li>RAIOS-X OSSOS DA FACE<\/li><li>RAIOS-X PERNA<\/li><li>RAIOS-X PUNHO<\/li><li>RAIOS-X ROTULA AXIAL<\/li><li>RAIOS-X SACRO COCCIX<\/li><li>RAIOS-X SACRO ILIACAS<\/li><li>RAIOS-X SEIOS DA FACE ( LAT )<\/li><li>RAIOS-X TORAX PA<\/li><li>RAIOS-X TORAX PA+LA<\/li><li>RAIOS-X TORNOZELO<\/li><li>RAIOS-X P\u00c9<\/li><\/ul><\/div>\n\t\t\t\t<\/div>\n\t\t\t\t\t\t\t<div class=\"elementor-accordion-item\">\n\t\t\t\t\t<div id=\"elementor-tab-title-1612\" class=\"elementor-tab-title\" data-tab=\"2\" role=\"button\" aria-controls=\"elementor-tab-content-1612\" aria-expanded=\"false\">\n\t\t\t\t\t\t\t\t\t\t\t\t\t<span class=\"elementor-accordion-icon elementor-accordion-icon-left\" aria-hidden=\"true\">\n\t\t\t\t\t\t\t\t\t\t\t\t\t\t\t<span class=\"elementor-accordion-icon-closed\"><i class=\"fas fa-plus\"><\/i><\/span>\n\t\t\t\t\t\t\t\t<span class=\"elementor-accordion-icon-opened\"><i class=\"fas fa-minus\"><\/i><\/span>\n\t\t\t\t\t\t\t\t\t\t\t\t\t\t<\/span>\n\t\t\t\t\t\t\t\t\t\t\t\t<a class=\"elementor-accordion-title\" tabindex=\"0\">Exames de Laborat\u00f3rio<\/a>\n\t\t\t\t\t<\/div>\n\t\t\t\t\t<div id=\"elementor-tab-content-1612\" class=\"elementor-tab-content elementor-clearfix\" data-tab=\"2\" role=\"region\" aria-labelledby=\"elementor-tab-title-1612\"><ul><li>A.S.L.O. (ANTIESTREPTOLISINA O )<\/li><li>\u00c1CIDO \u00daRICO<\/li><li>AMILASE<\/li><li>B.H.C.G ( QUALITATIVO E QUANTITATIVO ) &#8211; AMOSTRA DE SANGUE<\/li><li>BILIRRUBINA TOTAL E FRA\u00c7\u00d5ES<\/li><li>C\u00c1LCIO ( Ca )<\/li><li>CKMB &#8211; CREATINO FOSFOQUINASE<\/li><li>CLORO (Cl)<\/li><li>COAGULOGRAMA<\/li><li>COLESTEROL (HDL)<\/li><li>COLESTEROL (LDL)<\/li><li>COLESTEROL TOTAL<\/li><li>COOMBS INDIRETO<\/li><li>CPK (CREATINO FOSTOQUINASE)<\/li><li>CREATININ<\/li><li>DHL<\/li><li>FATOR R H<\/li><li>FERRITINA<\/li><li>FOSFATASE ALCALINA<\/li><li>F\u00d3SFORO<\/li><li>GAMA GLUTAMIL TRANSPEPTIDASE<\/li><li>GLICEMIA \/ GLICOSE<\/li><li>GSA (GRUPO SANGU\u00cdNEO ABO)<\/li><li>Hb (HEMOGLOBINA)<\/li><li>HEMOGLOBINA GLICADA<\/li><li>HEMOGRAMA COMPLETO<\/li><li>Hto (HEMAT\u00d3CRITO)<\/li><li>INSULINA<\/li><li>L\u00c1TEX (FATOR REUMAT\u00d3IDE )<\/li><li>LIPIDOGRAMA<\/li><li>LIPASE<\/li><li>P.S.A. (ANT\u00cdGENO PROST\u00c1TICO ESPEC\u00cdFICO) RIE<\/li><li>PCR (PROTE\u00cdNA C REATIVA)<\/li><li>PLAQUETAS<\/li><li>POT\u00c1SSIO ( K )<\/li><li>PSA LIVRE<\/li><li>Rh (FATOR Rh)<\/li><li>S\u00cdFILIS (REA\u00c7\u00d5ES SOROL\u00d3GICAS)<\/li><li>S\u00d3DIO ( NA )<\/li><li>SOROLOGIA PARA DENGUE<\/li><li>T.T.P.A.(tempo de tromboplastina ativado)<\/li><li>T3 (TRIIODOTIRONINA )<\/li><li>T4 LIVRE (TIROXINA )<br \/>TC (TEMPO DE COAGULA\u00c7\u00c3O)<\/li><li>TEMPO DE TROMBINA<\/li><li>TESTOSTERONA TOTAL \/ PLASM\u00c1TICA<\/li><li>TGO (TRANSAMINASE OXALAC\u00c9TICA)<\/li><li>TGP (TRANSAMINASE PIR\u00daVICA)<\/li><li>TOXOPLASMOSE ( RFC )<\/li><li>TP (TEMPO DE PROTROMBINA )<\/li><li>TRANSFERRITINA<\/li><li>TRIGLICER\u00cdDIOS<\/li><li>TROPONINA ( HOMOCISTE\u00cdNA )<\/li><li>TS (TEMPO DE SANGRAMENTO)<\/li><li>TSH<\/li><li>UR\u00c9IA<\/li><li>URINA TIPO 1 + SEDIMENTOSCOPIA<\/li><li>UROCULTURA<\/li><li>VHS (VELOCIDADE HEMOSSEDIMENTA\u00c7\u00c3O)<\/li><li>VLDL COLESTEROL<\/li><\/ul><\/div>\n\t\t\t\t<\/div>\n\t\t\t\t\t\t\t\t<\/div>\n\t\t\t\t<\/div>\n\t\t\t\t<\/div>\n\t\t\t\t<div class=\"elementor-element elementor-element-47f87da elementor-widget elementor-widget-spacer\" data-id=\"47f87da\" data-element_type=\"widget\" data-widget_type=\"spacer.default\">\n\t\t\t\t<div class=\"elementor-widget-container\">\n\t\t\t\t\t<div class=\"elementor-spacer\">\n\t\t\t<div class=\"elementor-spacer-inner\"><\/div>\n\t\t<\/div>\n\t\t\t\t<\/div>\n\t\t\t\t<\/div>\n\t\t\t\t\t<\/div>\n\t\t<\/div>\n\t\t\t\t\t<\/div>\n\t\t<\/section>\n\t\t\t\t<\/div>\n\t\t","protected":false},"excerpt":{"rendered":"<p>Exames de Imagem RAIOS-X ABDOMEN DE P\u00c9 \/ DEITADO RAIOS-X ABDOMEN SIMPLES RAIOS-X ANTEBRA\u00c7O RAIOS-X BACIA RAIOS-X BRA\u00c7O RAIOS-X CALCANEO RAIOS-X CAVUM RAIOS-X CERVICAL OBL\u00cdQUA RAIOS-X CLAV\u00cdCULA RAIOS-X COLUNA CERVICAL AP+P RAIOS-X COLUNA DORSAL AP+LA RAIOS-X COLUNA DORSO LOMBAR RAIOS-X COLUNA LOMBAR RAIOS-X COLUNA LOMBO SACRA RAIOS-X COSTELAS RAIOS-X COTOVELO RAIOS-X COXA RAIOS-X COXO FEMURAL [&hellip;]<\/p>\n","protected":false},"author":1,"featured_media":0,"parent":0,"menu_order":0,"comment_status":"closed","ping_status":"closed","template":"","meta":{"_monsterinsights_skip_tracking":false,"_monsterinsights_sitenote_active":false,"_monsterinsights_sitenote_note":"","_monsterinsights_sitenote_category":0},"aioseo_notices":[],"_links":{"self":[{"href":"https:\/\/clinisul.med.br\/index.php?rest_route=\/wp\/v2\/pages\/16"}],"collection":[{"href":"https:\/\/clinisul.med.br\/index.php?rest_route=\/wp\/v2\/pages"}],"about":[{"href":"https:\/\/clinisul.med.br\/index.php?rest_route=\/wp\/v2\/types\/page"}],"author":[{"embeddable":true,"href":"https:\/\/clinisul.med.br\/index.php?rest_route=\/wp\/v2\/users\/1"}],"replies":[{"embeddable":true,"href":"https:\/\/clinisul.med.br\/index.php?rest_route=%2Fwp%2Fv2%2Fcomments&post=16"}],"version-history":[{"count":22,"href":"https:\/\/clinisul.med.br\/index.php?rest_route=\/wp\/v2\/pages\/16\/revisions"}],"predecessor-version":[{"id":224,"href":"https:\/\/clinisul.med.br\/index.php?rest_route=\/wp\/v2\/pages\/16\/revisions\/224"}],"wp:attachment":[{"href":"https:\/\/clinisul.med.br\/index.php?rest_route=%2Fwp%2Fv2%2Fmedia&parent=16"}],"curies":[{"name":"wp","href":"https:\/\/api.w.org\/{rel}","templated":true}]}}